{"id":14320,"date":"2023-04-05T21:39:46","date_gmt":"2023-04-05T18:39:46","guid":{"rendered":"https:\/\/akcelik.com.tr\/?page_id=14320"},"modified":"2025-08-21T11:45:51","modified_gmt":"2025-08-21T08:45:51","slug":"%d8%b3%d9%8a%d8%a7%d8%b3%d8%a9-%d9%85%d9%84%d9%81%d8%a7%d8%aa-%d8%aa%d8%b9%d8%b1%d9%8a%d9%81-%d8%a7%d9%84%d8%a7%d8%b1%d8%aa%d8%a8%d8%a7%d8%b7","status":"publish","type":"page","link":"https:\/\/akcelik.com.tr\/ar\/%d8%b3%d9%8a%d8%a7%d8%b3%d8%a9-%d9%85%d9%84%d9%81%d8%a7%d8%aa-%d8%aa%d8%b9%d8%b1%d9%8a%d9%81-%d8%a7%d9%84%d8%a7%d8%b1%d8%aa%d8%a8%d8%a7%d8%b7\/","title":{"rendered":"\u0633\u064a\u0627\u0633\u0629 \u0645\u0644\u0641\u0627\u062a \u062a\u0639\u0631\u064a\u0641 \u0627\u0644\u0627\u0631\u062a\u0628\u0627\u0637"},"content":{"rendered":"<p>TOSB OTOMOT\u0130V YAN SANAY\u0130 \u0130HT\u0130SAS ORGAN\u0130ZE SANAY\u0130 B\u00d6LGES\u0130 4.CADDE NO:10 \u015eEKERPINAR \u00c7AYIROVA\/KOCAEL\u0130 adresinde faaliyet g\u00f6steren AK\u00c7EL\u0130K DEM\u0130R \u00c7EL\u0130K SANAY\u0130 VE T\u0130CARET ANON\u0130M \u015e\u0130RKET\u0130 (\u201c\u015eirket\u201d) olarak sahibi oldu\u011fumuz <a href=\"https:\/\/akcelik.com.tr\/ar\/\">https:\/\/akcelik.com.tr<\/a> (\u201cSite\u201d) adresli internet sitesi kapsam\u0131nda elde etti\u011fimiz ve i\u015fledi\u011fimiz ki\u015fisel verilerin gizlili\u011fine m\u00fc\u015fterek veri sorumlusu olarak \u00f6nem veriyoruz.<\/p>\n<p>Site ziyaret\u00e7ilerimize y\u00f6nelik i\u015fbu \u00c7erez Politikas\u0131 ile 6698 say\u0131l\u0131 Ki\u015fisel Verilerin Korunmas\u0131 Kanunu (\u201cKVKK\u201d) uyar\u0131nca, Site\u2019nin i\u015fletilmesi s\u0131ras\u0131nda ve Site kullan\u0131c\u0131lar\u0131\/ziyaret\u00e7ileri taraf\u0131ndan \u00e7erez konumland\u0131r\u0131lm\u0131\u015f olmas\u0131 gerek\u00e7esi ile i\u015fletilmekte olan ve\/veya elde edilen ki\u015fisel verilerin i\u015flenmesine ili\u015fkin olarak sizlere bilgi verip; KVKK uyar\u0131nca veri sorumlusu s\u0131fat\u0131 ile \u015eirket olarak Site\u2019de hangi ama\u00e7larla hangi t\u00fcr \u00e7erezleri kulland\u0131\u011f\u0131m\u0131z\u0131 ve bu \u00e7erezleri nas\u0131l kontrol edebilece\u011finizi dair KVKK taht\u0131ndaki ayd\u0131nlatma y\u00fck\u00fcml\u00fcl\u00fc\u011f\u00fcm\u00fcz\u00fc yerine getirebilmek ad\u0131na sizi bilgilendirmek istiyoruz.<\/p>\n<p>Site\u2019mizi ziyaretleriniz s\u0131ras\u0131nda deneyiminizi geli\u015ftirmek i\u00e7in \u00e7erezler, pikseller, gifler gibi baz\u0131 teknolojilerden (\u201c\u00e7erezler\u201d) faydalanmaktay\u0131z. Bu teknolojilerin kullan\u0131m\u0131 ba\u015fta KVKK olmak \u00fczere tabi oldu\u011fumuz mevzuata uygun \u015fekilde ger\u00e7ekle\u015ftirilmektedir.<\/p>\n<h2>1. Ki\u015fisel Verilerinizin Toplanma Y\u00f6ntemi ve Hukuki Sebepler<\/h2>\n<p>Ki\u015fisel verileriniz KVKK madde 5\/2 \u00e7er\u00e7evesinde \u015eirket olarak veri sorumlusu s\u0131fat\u0131 ile zorunlu ve gerekli temel \u00e7erezler ile analitik \u00e7erezleri hukuki y\u00fck\u00fcml\u00fcl\u00fcklerimizin yerine getirilmesi(5651 say\u0131l\u0131 \u0130nternet Ortam\u0131nda Yap\u0131lan Yay\u0131nlar\u0131n D\u00fczenlenmesi ve Bu Yay\u0131nlar Yoluyla \u0130\u015flenen Su\u00e7larla M\u00fccadele Edilmesi Hakk\u0131nda Kanun ve 6563 say\u0131l\u0131 Elektronik Ticaretin D\u00fczenlenmesi Hakk\u0131nda Kanun kapsam\u0131nda y\u00fck\u00fcml\u00fcl\u00fcklerin yerine getirilmesi), hakk\u0131n tesisi edilmesi ve me\u015fru menfaat gerek\u00e7eleri ile; hedefleme reklam ve analiz \u00e7erezleri ise r\u0131zan\u0131za istinaden a\u015fa\u011f\u0131da say\u0131lanlar ve bunlara ileride eklenebilecek sair kanallar vas\u0131tas\u0131yla otomatik yahut otomatik olmayan yollarla, s\u00f6zl\u00fc, yaz\u0131l\u0131 veya elektronik \u015fekilde toplanmaktad\u0131r.<\/p>\n<table>\n<tbody>\n<tr>\n<td width=\"170\"><strong>Zorunlu \u00c7erezler:<\/strong><\/td>\n<td width=\"434\">Bu \u00e7erezler, Site\u2019de gezinmenizi ve Site\u2019nin g\u00fcvenli alanlar\u0131na eri\u015fim sa\u011flamak gibi istedi\u011finiz \u00f6zellikleri kullanman\u0131z\u0131 sa\u011flar. Bu \u00e7erezler olmadan, Site\u2019nin \u00e7al\u0131\u015fmas\u0131na izin veren hizmetleri sa\u011flayamay\u0131z.<\/td>\n<\/tr>\n<tr>\n<td width=\"170\"><strong>Gerekli Temel \u00c7erezler:<\/strong><\/td>\n<td width=\"434\">Analiz \u00e7erezleri ve \u0130\u015flevsellik \u00e7erezleri: Analiz \u00e7erezleri, ziyaret\u00e7ilerin web sitesini nas\u0131l kulland\u0131klar\u0131, \u00f6rne\u011fin en s\u0131k hangi sayfalar\u0131 ziyaret ettikleri ve web sayfalar\u0131ndan hata mesajlar\u0131 al\u0131p almad\u0131klar\u0131 vb. hakk\u0131nda bilgi toplar. Bu \u00e7erezler, ziyaret\u00e7iyi tan\u0131mlayabilecek bilgiler toplamaz. Bu \u00e7erezlerin toplad\u0131\u011f\u0131 t\u00fcm bilgiler birle\u015ftirilir, bu nedenle anonimdir. Yaln\u0131zca bir internet sitesinin \u00e7al\u0131\u015fmas\u0131n\u0131n iyile\u015ftirilmesi i\u00e7in kullan\u0131l\u0131r. Bu \u00e7erezler alternatif olarak (i) do\u011frudan site y\u00f6neticisi taraf\u0131ndan birle\u015fik \u015fekilde bilgi toplanmas\u0131 i\u00e7in kullan\u0131lmas\u0131 ve (ii) \u00fc\u00e7\u00fcnc\u00fc taraflarca y\u00f6netilmesi, \u00e7erezlerin kullan\u0131c\u0131lar\u0131 tan\u0131mlama kabiliyetini d\u00fc\u015f\u00fcrmek \u00fczere \u00f6zel y\u00f6ntemler uygulanmas\u0131 (\u00f6rne\u011fin \u00f6nemli IP adresi b\u00f6l\u00fcmlerinin maskelenmesi) ve \u00fc\u00e7\u00fcnc\u00fc taraflar\u0131n bunlar\u0131 yaln\u0131zca hizmet sunmak \u00fczere kullanmas\u0131 a\u00e7\u0131s\u0131ndan \u201cteknik \u00e7erezler\u201d ile benzerdir. \u00d6rne\u011fin, \u00e7erez verilerini, kar\u015f\u0131la\u015ft\u0131rmadan veya mevcut ki\u015fisel verilerle zenginle\u015ftirmeden ayr\u0131 olarak kullan\u0131rlar.<\/p>\n<p>&nbsp;<\/td>\n<\/tr>\n<tr>\n<td width=\"170\"><strong>Analitik \u00c7erezler:<\/strong><\/td>\n<td width=\"434\">Analitik \u00e7erezler ile internet sitesini ziyaret edenlerin say\u0131lar\u0131, internet sitesinde g\u00f6r\u00fcnt\u00fclenen sayfalar\u0131n tespiti, internet sitesi ziyaret saatleri, internet sitesi sayfalar\u0131 kayd\u0131rma hareketleri gibi analitik sonu\u00e7lar\u0131n \u00fcretimini sa\u011flayan \u00e7erezlerdir.<\/td>\n<\/tr>\n<tr>\n<td width=\"170\"><strong>\u0130\u015flevsel \u00e7erezler: <\/strong><\/td>\n<td width=\"434\">Bu \u00e7erezler, web sitesinin kullan\u0131labilirli\u011fi ve performans\u0131n\u0131 geli\u015ftirmemize ve \u00e7e\u015fitli \u00f6zellikler sunmam\u0131za imk\u00e2n tan\u0131r. Bunlar, bize web sitesinin nas\u0131l kullan\u0131ld\u0131\u011f\u0131 hakk\u0131nda bilgi sa\u011flar. \u0130\u015flevsel \u00e7erezler, \u00f6rne\u011fin dil ayarlar\u0131n\u0131 kaydedebilir. Bu \u00e7erezler, anonim bilgiler toplarken, di\u011fer web sitelerindeki hareketlerinizi izleyemez.<\/td>\n<\/tr>\n<tr>\n<td width=\"170\"><strong>Reklam\/Pazarlama \u00c7erezleri:<\/strong><\/td>\n<td width=\"434\">\u0130nternet sitesinde kullan\u0131c\u0131lar\u0131n \u00e7evrim i\u00e7i hareketlerini kullanarak ki\u015fisel ilgi alanlar\u0131n\u0131n saptan\u0131p bu ilgi alanlar\u0131na y\u00f6nelik olarak reklam g\u00f6sterilmesi i\u00e7in kullan\u0131lan \u00e7erezlerdir.<\/p>\n<p>&nbsp;<\/p>\n<p>Facebook: Bu \u00e7erezler sizlerin sosyal medya kullan\u0131mlar\u0131n\u0131z hakk\u0131nda bilgilerin toplanmas\u0131n\u0131 sa\u011flar. \u00d6rne\u011fin; Ki\u015fiselle\u015ftirilmi\u015f reklamlar olu\u015fturulmas\u0131 i\u00e7in \u00e7erezler kullan\u0131labilir (Facebook Piksel Kodu).<\/td>\n<\/tr>\n<tr>\n<td width=\"170\"><strong>Flash \u00c7erezleri<\/strong><\/p>\n<p><strong>(Flash Cookies)<\/strong><\/td>\n<td width=\"434\">\u0130nternet sitesinde yer alan g\u00f6r\u00fcnt\u00fc veya ses i\u00e7eriklerini etkinle\u015ftirmek i\u00e7in kullan\u0131lan \u00e7erez t\u00fcrleridir.<\/td>\n<\/tr>\n<tr>\n<td width=\"170\"><strong>Ki\u015fiselle\u015ftirme \u00c7erezleri<\/strong><\/p>\n<p><strong>(Customization Cookies)<\/strong><\/td>\n<td width=\"434\">Kullan\u0131c\u0131lar\u0131n tercihlerini farkl\u0131 internet sitesinin farkl\u0131 sayfalar\u0131n\u0131 ziyarette de hat\u0131rlamak i\u00e7in kullan\u0131lan \u00e7erezlerdir. \u00d6rne\u011fin, se\u00e7mi\u015f oldu\u011funuz dil tercihinizin hat\u0131rlanmas\u0131.<\/td>\n<\/tr>\n<tr>\n<td width=\"170\"><strong>Oturum \u00c7erezleri <\/strong><\/p>\n<p><strong>(Session Cookies)<\/strong><\/td>\n<td width=\"434\">Oturum \u00e7erezleri ziyaret\u00e7ilerimizin \u0130nternet Sitesini ziyaretleri s\u00fcresince kullan\u0131lan, taray\u0131c\u0131 kapat\u0131ld\u0131ktan sonra silinen ge\u00e7ici \u00e7erezlerdir.<\/p>\n<p>&nbsp;<\/p>\n<p>Bu t\u00fcr \u00e7erezlerin kullan\u0131lmas\u0131n\u0131n temel amac\u0131 ziyaretiniz s\u00fcresince \u0130nternet Sitesinin d\u00fczg\u00fcn bir bi\u00e7imde \u00e7al\u0131\u015fmas\u0131n\u0131n teminini sa\u011flamakt\u0131r.<\/p>\n<p>&nbsp;<\/p>\n<p>\u00d6rne\u011fin; birden fazla sayfadan olu\u015fan \u00e7evrimi\u00e7i formlar\u0131 doldurman\u0131z\u0131n sa\u011flanmaktad\u0131r.<\/td>\n<\/tr>\n<tr>\n<td width=\"170\"><strong>Kal\u0131c\u0131 \u00c7erezler<\/strong><\/p>\n<p><strong>(Persistent Cookies)<\/strong><\/td>\n<td width=\"434\">Kal\u0131c\u0131 \u00e7erezler \u0130nternet Sitesinin i\u015flevselli\u011fini art\u0131rmak, ziyaret\u00e7ilerimize daha h\u0131zl\u0131 ve iyi bir hizmet sunmak amac\u0131yla kullan\u0131lan \u00e7erez t\u00fcrleridir. Bu t\u00fcr \u00e7erezler tercihlerinizi hat\u0131rlamak i\u00e7in kullan\u0131l\u0131r ve taray\u0131c\u0131lar vas\u0131tas\u0131yla cihaz\u0131n\u0131zda depolan\u0131r. Kal\u0131c\u0131 \u00e7erezlerin baz\u0131 t\u00fcrleri; \u0130nternet Sitesini kullan\u0131m amac\u0131n\u0131z gibi hususlar g\u00f6z \u00f6n\u00fcnde bulundurarak sizlere \u00f6zel \u00f6neriler sunulmas\u0131 i\u00e7in kullan\u0131labilmektedir. Kal\u0131c\u0131 \u00e7erezler sayesinde \u0130nternet Sitemizi ayn\u0131 cihazla tekrardan ziyaret etmeniz durumunda, cihaz\u0131n\u0131zda \u0130nternet Sitemiz taraf\u0131ndan olu\u015fturulmu\u015f bir \u00e7erez olup olmad\u0131\u011f\u0131 kontrol edilir ve var ise, sizin siteyi daha \u00f6nce ziyaret etti\u011finiz anla\u015f\u0131l\u0131r ve size iletilecek i\u00e7erik bu do\u011frultuda belirlenir ve b\u00f6ylelikle sizlere daha iyi bir hizmet sunulur.<\/td>\n<\/tr>\n<\/tbody>\n<\/table>\n<h3>\u00c7erez Detaylar\u0131<\/h3>\n<table width=\"609\">\n<tbody>\n<tr>\n<td width=\"98\"><strong>Sa\u011flay\u0131c\u0131<\/strong><\/td>\n<td width=\"161\"><strong>\u00c7erez Ad\u0131<\/strong><\/td>\n<td width=\"129\"><strong>\u00c7erez Amac\u0131<\/strong><\/td>\n<td width=\"126\"><strong>\u00c7erez Tipi<\/strong><\/td>\n<td width=\"95\"><strong>Saklama S\u00fcresi<\/strong><\/td>\n<\/tr>\n<tr>\n<td width=\"98\">Google<\/td>\n<td width=\"161\">_GRECAPTCHA<\/td>\n<td width=\"129\">Google Recaptcha hizmeti, bu \u00e7erezi, web sitesini k\u00f6t\u00fc ama\u00e7l\u0131 spam sald\u0131r\u0131lar\u0131na kar\u015f\u0131 korumak i\u00e7in botlar\u0131 tan\u0131mlayacak \u015fekilde ayarlar.<\/td>\n<td width=\"126\">Gerekli<\/td>\n<td width=\"95\">6 ay<\/td>\n<\/tr>\n<tr>\n<td width=\"98\">akcelik.com.tr<\/td>\n<td width=\"161\">wpEmojiSettingsSupports<\/td>\n<td width=\"129\">WordPress bu \u00e7erezi, kullan\u0131c\u0131 bir WordPress sitesinde emojilerle etkile\u015fime girdi\u011finde ayarlar. Kullan\u0131c\u0131n\u0131n taray\u0131c\u0131s\u0131n\u0131n emojileri d\u00fczg\u00fcn bir \u015fekilde g\u00f6r\u00fcnt\u00fcleyip g\u00f6r\u00fcnt\u00fcleyemedi\u011fini belirlemeye yard\u0131mc\u0131 olur.<\/td>\n<td width=\"126\">Gerekli<\/td>\n<td width=\"95\">Oturum<\/td>\n<\/tr>\n<tr>\n<td width=\"98\">cookieyes.com<\/td>\n<td width=\"161\">cookieyes-consent<\/td>\n<td width=\"129\">CookieYes, bu \u00e7erezi, kullan\u0131c\u0131lar\u0131n bu siteye sonraki ziyaretlerinde tercihlerine uyulmas\u0131n\u0131 sa\u011flamak i\u00e7in r\u0131za tercihlerini hat\u0131rlamas\u0131 i\u00e7in ayarlar. Sitenin ziyaret\u00e7ileri hakk\u0131nda herhangi bir ki\u015fisel bilgi toplamaz veya saklamaz.<\/td>\n<td width=\"126\">Gerekli<\/td>\n<td width=\"95\">1 y\u0131l<\/td>\n<\/tr>\n<tr>\n<td width=\"98\">akcelik.com.tr<\/td>\n<td width=\"161\">wp-wpml_current_language<\/td>\n<td width=\"129\">WordPress \u00e7ok dilli eklentisi, bu \u00e7erezi ge\u00e7erli dil\/dil ayarlar\u0131n\u0131 saklamak i\u00e7in ayarlar.<\/td>\n<td width=\"126\">\u0130\u015flevsel<\/td>\n<td width=\"95\">Oturum<\/td>\n<\/tr>\n<tr>\n<td width=\"98\">Google<\/td>\n<td width=\"161\">_gcl_au<\/td>\n<td width=\"129\">Google Etiket Y\u00f6neticisi, hizmetlerini kullanan web sitelerinin reklam verimlili\u011fini denemek i\u00e7in \u00e7erezi ayarlar.<\/td>\n<td width=\"126\">Analitik<\/td>\n<td width=\"95\">3 ay<\/td>\n<\/tr>\n<tr>\n<td width=\"98\">Google<\/td>\n<td width=\"161\">_ga_*<\/td>\n<td width=\"129\">Google Analytics bu \u00e7erezi sayfa g\u00f6r\u00fcnt\u00fclemelerini depolamak ve saymak i\u00e7in ayarlar.<\/td>\n<td width=\"126\">Analitik<\/td>\n<td width=\"95\">1 y\u0131l 1 ay 4 g\u00fcn<\/td>\n<\/tr>\n<tr>\n<td width=\"98\">Google<\/td>\n<td width=\"161\">_ga<\/td>\n<td width=\"129\">Google Analytics, bu \u00e7erezi ziyaret\u00e7i, oturum a\u00e7ma ve kampanyalar\u0131n d\u00fczenlenmesi ve sitenin analiz raporu i\u00e7in siteyi izlemek \u00fczere ayarlar. \u00c7erez, bilgileri anonim olarak saklar ve benzersiz y\u00f6netim kimlik bilgileri i\u00e7in rastgele olu\u015fturulmu\u015f bir numara atar.<\/td>\n<td width=\"126\">Analitik<\/td>\n<td width=\"95\">1 y\u0131l 1 ay 4 g\u00fcn<\/td>\n<\/tr>\n<tr>\n<td width=\"98\">Google<\/td>\n<td width=\"161\">_gid<\/td>\n<td width=\"129\">Google Analytics, bu \u00e7erezi, y\u00f6netimin bir web sisteminin nas\u0131l kullan\u0131ld\u0131\u011f\u0131na ili\u015fkin bilgilerin depolanmas\u0131 ve ayn\u0131 zamanda web sunucular\u0131n\u0131n performans\u0131na ili\u015fkin bir analiz raporu olu\u015fturmak i\u00e7in ayarlar. Toplanan verilerden birer par\u00e7a, \u00fcye say\u0131lar\u0131, kay\u0131tlar ve anonim olarak ziyaret edilen sayfalar i\u00e7erir.<\/td>\n<td width=\"126\">Analitik<\/td>\n<td width=\"95\">1 g\u00fcn<\/td>\n<\/tr>\n<tr>\n<td width=\"98\">Google<\/td>\n<td width=\"161\">_gat_UA-*<\/td>\n<td width=\"129\">Google Analytics, bu \u00e7erezi kullan\u0131c\u0131 davran\u0131\u015f\u0131n\u0131 izlemek i\u00e7in ayarlar.<\/td>\n<td width=\"126\">Analitik<\/td>\n<td width=\"95\">1 dakika<\/td>\n<\/tr>\n<tr>\n<td width=\"98\">Google<\/td>\n<td width=\"161\">NID<\/td>\n<td width=\"129\">Google, \u00e7erezi, kullan\u0131c\u0131lar\u0131n bir reklam\u0131 g\u00f6rme s\u0131n\u0131rlamas\u0131, istenmeyen reklamlar\u0131 sessizle\u015ftirmek ve reklamlar\u0131n saklanmas\u0131 gibi reklam \u00f6zellikleriyle ayarlar.<\/td>\n<td width=\"126\">Reklam<\/td>\n<td width=\"95\">6 ay<\/td>\n<\/tr>\n<tr>\n<td width=\"98\">Google<\/td>\n<td width=\"161\">test_cookie<\/td>\n<td width=\"129\">doubleclick.net, kullan\u0131c\u0131 taray\u0131c\u0131s\u0131n\u0131n \u00e7erezlerini destekleyip desteklemedi\u011fini belirlemek i\u00e7in bu \u00e7erez ayarlar\u0131n\u0131 yapar.<\/td>\n<td width=\"126\">Reklam<\/td>\n<td width=\"95\">15 dakika<\/td>\n<\/tr>\n<\/tbody>\n<\/table>\n<h2>2. Ki\u015fisel Verilerinizin \u0130\u015flenme Ama\u00e7lar\u0131<\/h2>\n<p>Ki\u015fisel verileriniz KVKK Madde 5\/2\u2019de d\u00fczenlenen i\u015fleme \u015fartlar\u0131ndan veri sorumlusunun me\u015fru menfaati ve hukuki y\u00fck\u00fcml\u00fcl\u00fc\u011f\u00fcn\u00fc yerine getirmesinin zorunlu olmas\u0131 sebeplerine dayal\u0131 olarak; (i) teknik sebeplerden dolay\u0131, internet taray\u0131c\u0131n\u0131z Sitemize her eri\u015fti\u011finde internet sunucumuza g\u00f6nderilen bilgiler (eri\u015fim tarihi, saati, Link yapan internet sitesinin URL\u2019si, eri\u015filen dosyalar, aktar\u0131lan veri hacmi, taray\u0131c\u0131 tipi v-s\u00fcr\u00fcm\u00fc, i\u015fletim sistemi ve IP adresi gibi), (ii) Site\u2019nin i\u015flevselli\u011finin sa\u011flanmas\u0131 ve (iii) Hatalar\u0131 d\u00fczeltmek ve g\u00fcvenlik olaylar\u0131n\u0131 a\u00e7\u0131kl\u0131\u011fa kavu\u015fturmak ama\u00e7lar\u0131 ile i\u015flenmektedir. Site ziyareti s\u0131ras\u0131nda \u00e7erezler konumland\u0131r\u0131lmas\u0131 gerek\u00e7esi ile yap\u0131lacak olan i\u015fleme; Site\u2019nin geli\u015ftirilmesi, Site ve ko\u015fullar\u0131ndaki de\u011fi\u015fiklikler ile ilgili \u00f6nemli g\u00fcncellemelerin sa\u011flanmas\u0131; sizin ya da \u00fc\u00e7\u00fcnc\u00fc ki\u015filerin haklar\u0131n\u0131n, g\u00fcvenliklerinin, m\u00fclkiyetlerinin ve operasyonlar\u0131n\u0131n korunmas\u0131 ve gerekli oldu\u011fu durumda \u015eirketimiz\u2019in savunma hakk\u0131n\u0131 kullanabilmesi veya resmi makamlar\u0131n taleplerine ya da ileti\u015fim konular\u0131na cevap verilmesi amac\u0131yla i\u015flenebilecektir.<\/p>\n<h2>3. Ki\u015fisel Verilerinizin \u00dc\u00e7\u00fcnc\u00fc Ki\u015filere Aktar\u0131lmas\u0131<\/h2>\n<p>Yukar\u0131da yer alan Ki\u015fisel Verilerinizin \u0130\u015flenme Ama\u00e7lar\u0131n\u0131n yerine getirilmesi do\u011frultusunda toplanan ki\u015fisel verileriniz; (i) \u015eirketimizin bilgi g\u00fcvenli\u011fi s\u00fcre\u00e7lerinin y\u00fcr\u00fct\u00fclmesi amac\u0131yla destek ald\u0131\u011f\u0131 \u00fc\u00e7\u00fcnc\u00fc ki\u015filere, (ii) i\u015f faaliyetlerinin y\u00fcr\u00fct\u00fclmesi ve planlanmas\u0131 amac\u0131yla i\u015f \u00f6zelinde \u00e7al\u0131\u015ft\u0131\u011f\u0131m\u0131z i\u015f ortaklar\u0131na, y\u00fcklenicilere, (iii) faaliyetlerin mevzuata uygun y\u00fcr\u00fct\u00fclmesi ve bir ihtilaf olmas\u0131 halinde ki\u015fisel verileriniz savunma hakk\u0131m\u0131z\u0131n kullan\u0131labilmesi amac\u0131yla hukuk ve benzeri alanlarda destek al\u0131nan dan\u0131\u015fmanl\u0131k firmalar\u0131na ve (v) yasal ya da d\u00fczenleyici y\u00fck\u00fcml\u00fcl\u00fckleri ya da talepleri yerine getirmek i\u00e7in yetkili kurum ve kurulu\u015flara ilgili oldu\u011fu \u00f6l\u00e7\u00fcde aktar\u0131labilmektedir.<\/p>\n<h2>4. Ki\u015fisel Verilerinize Eri\u015fim ve Kanun Kapsam\u0131nda Haklar\u0131n\u0131z<\/h2>\n<p>KVKK 11. maddesi uyar\u0131nca haklar\u0131n\u0131z a\u015fa\u011f\u0131da yer almaktad\u0131r:<\/p>\n<ul>\n<li>ki\u015fisel veri i\u015flenip i\u015flenmedi\u011fini \u00f6\u011frenme,<\/li>\n<li>ki\u015fisel verileri i\u015flenmi\u015fse buna ili\u015fkin bilgi talep etme,<\/li>\n<li>ki\u015fisel verilerin i\u015flenme amac\u0131n\u0131 ve bunlar\u0131n amac\u0131na uygun kullan\u0131l\u0131p kullan\u0131lmad\u0131\u011f\u0131n\u0131 \u00f6\u011frenme,<\/li>\n<li>yurt i\u00e7inde veya yurt d\u0131\u015f\u0131nda ki\u015fisel verilerin aktar\u0131ld\u0131\u011f\u0131 \u00fc\u00e7\u00fcnc\u00fc ki\u015fileri bilme,<\/li>\n<li>ki\u015fisel verilerin eksik veya yanl\u0131\u015f i\u015flenmi\u015f olmas\u0131 h\u00e2linde bunlar\u0131n d\u00fczeltilmesini isteme ve bu kapsamda yap\u0131lan i\u015flemin ki\u015fisel verilerin aktar\u0131ld\u0131\u011f\u0131 \u00fc\u00e7\u00fcnc\u00fc ki\u015filere bildirilmesini isteme,<\/li>\n<li>KVKK ve ilgili di\u011fer kanun h\u00fck\u00fcmlerine uygun olarak i\u015flenmi\u015f olmas\u0131na ra\u011fmen, i\u015flenmesini gerektiren sebeplerin ortadan kalkmas\u0131 h\u00e2linde ki\u015fisel verilerin silinmesini veya yok edilmesini isteme ve bu kapsamda yap\u0131lan i\u015flemin ki\u015fisel verilerin aktar\u0131ld\u0131\u011f\u0131 \u00fc\u00e7\u00fcnc\u00fc ki\u015filere bildirilmesini isteme,<\/li>\n<li>i\u015flenen verilerin m\u00fcnhas\u0131ran otomatik sistemler vas\u0131tas\u0131yla analiz edilmesi suretiyle ki\u015finin kendisi aleyhine bir sonucun ortaya \u00e7\u0131kmas\u0131na itiraz etme,<\/li>\n<li>ki\u015fisel verilerin kanuna ayk\u0131r\u0131 olarak i\u015flenmesi sebebiyle zarara u\u011framas\u0131 h\u00e2linde zarar\u0131n giderilmesini talep etme.<\/li>\n<\/ul>\n<p>Ki\u015fisel verileriniz \u015eirket taraf\u0131ndan bilgi g\u00fcvenli\u011fi standartlar\u0131 ve prosed\u00fcrleri gere\u011fince teknik altyap\u0131 sa\u011flanarak b\u00fcy\u00fck bir \u00f6zenle saklanmaktad\u0131r. \u0130\u015fbu madde uyar\u0131nca haklar\u0131n\u0131za ili\u015fkin taleplerinizi a\u015fa\u011f\u0131da payla\u015ft\u0131\u011f\u0131m\u0131z posta adresimize, Veri Sorumlusuna Ba\u015fvuru Usul ve Esaslar\u0131 Hakk\u0131nda Tebli\u011f uyar\u0131nca haz\u0131rlayarak \u015eirketimize iletebilirsiniz.<br \/>\n\u015eirket, talebin niteli\u011fine g\u00f6re talebi en k\u0131sa s\u00fcrede ve en ge\u00e7 30 (otuz) g\u00fcn i\u00e7inde \u00fccretsiz olarak sonu\u00e7land\u0131racakt\u0131r. Taleplerin sonu\u00e7land\u0131r\u0131lmas\u0131na ili\u015fkin ayr\u0131ca bir maliyet do\u011fmas\u0131 h\u00e2linde Ki\u015fisel Verileri Koruma Kurulunca belirlenen tarifedeki \u00fccretler talep edilebilir.<\/p>\n<p><strong>Posta adresi :<\/strong> TOSB OTOMOT\u0130V YAN SANAY\u0130 \u0130HT\u0130SAS ORGAN\u0130ZE SANAY\u0130 B\u00d6LGES\u0130 4.CADDE NO:10 \u015eEKERPINAR \u00c7AYIROVA\/KOCAEL\u0130<\/p>\n<p><strong>E-posta adresi : <\/strong><a href=\"mailto:info@akcelik.com.tr\">info@akcelik.com.tr<\/a><\/p>\n<p><strong>Kep adresi : <\/strong><a href=\"mailto:akcelikdemircelik@hs01.kep.tr\">akcelikdemircelik@hs01.kep.tr<\/a><\/p>\n<p>Ve her hal\u00fck\u00e2rda \u00e7erezleri kontrol etme haklar\u0131n\u0131z mevcuttur. Buna g\u00f6re a\u015fa\u011f\u0131daki kanallardan diledi\u011finiz zaman taray\u0131c\u0131n\u0131z\u0131n ayarlar\u0131n\u0131 de\u011fi\u015ftirerek \u00e7erezlere ili\u015fkin tercihlerinizi ki\u015fiselle\u015ftirme imkan\u0131na sahip oldu\u011funuz hat\u0131rlatmak isteriz.<\/p>\n<table width=\"100%\">\n<tbody>\n<tr>\n<td width=\"19%\">Adobe Analytics<\/td>\n<td width=\"80%\"><a href=\"http:\/\/www.adobe.com\/uk\/privacy\/opt-out.html\" target=\"_blank\" rel=\"noopener\">http:\/\/www.adobe.com\/uk\/privacy\/opt-out.html<\/a><\/td>\n<\/tr>\n<tr>\n<td width=\"19%\">AOL<\/td>\n<td width=\"80%\"><a href=\"https:\/\/help.aol.com\/articles\/enable-cookies-in-your-web-browser\" target=\"_blank\" rel=\"noopener\">https:\/\/help.aol.com\/articles\/enable-cookies-in-your-web-browser<\/a><\/p>\n<p><a href=\"https:\/\/help.aol.com\/articles\/reset-web-settings\" target=\"_blank\" rel=\"noopener\">https:\/\/help.aol.com\/articles\/reset-web-settings<\/a><\/td>\n<\/tr>\n<tr>\n<td width=\"19%\">Google Ads<\/td>\n<td width=\"80%\"><a href=\"https:\/\/support.google.com\/ads\/answer\/2662922?hl=en\" target=\"_blank\" rel=\"noopener\">https:\/\/support.google.com\/ads\/answer\/2662922?hl=en<\/a><\/td>\n<\/tr>\n<tr>\n<td width=\"19%\">Google Analytics<\/td>\n<td width=\"80%\"><a href=\"https:\/\/tools.google.com\/dlpage\/gaoptout\" target=\"_blank\" rel=\"noopener\">https:\/\/tools.google.com\/dlpage\/gaoptout<\/a><\/td>\n<\/tr>\n<tr>\n<td width=\"19%\">Google Chrome<\/td>\n<td width=\"80%\"><a href=\"http:\/\/www.google.com\/support\/chrome\/bin\/answer.py?hl=en&amp;answer=95647\" target=\"_blank\" rel=\"noopener\">http:\/\/www.google.com\/support\/chrome\/bin\/answer.py?hl=en&amp;answer=95647<\/a><\/td>\n<\/tr>\n<tr>\n<td width=\"19%\">Internet Explorer<\/td>\n<td width=\"80%\"><a href=\"https:\/\/support.microsoft.com\/en-us\/help\/17442\/windows-internet-explorer-delete-manage-cookies\" target=\"_blank\" rel=\"noopener\">https:\/\/support.microsoft.com\/en-us\/help\/17442\/windows-internet-explorer-delete-manage-cookies<\/a><\/td>\n<\/tr>\n<tr>\n<td width=\"19%\">MozillaFirefox<\/td>\n<td width=\"80%\"><a href=\"https:\/\/support.mozilla.org\/tr\/kb\/cerezleri-silme-web-sitelerinin-bilgilerini-kaldirma\" target=\"_blank\" rel=\"noopener\">https:\/\/support.mozilla.org\/tr\/kb\/cerezleri-silme-web-sitelerinin-bilgilerini-kaldirma<\/a><\/td>\n<\/tr>\n<tr>\n<td width=\"19%\">Opera<\/td>\n<td width=\"80%\"><a href=\"https:\/\/help.opera.com\/en\/latest\/web-preferences\/\" target=\"_blank\" rel=\"noopener\">https:\/\/help.opera.com\/en\/latest\/web-preferences\/<\/a><\/td>\n<\/tr>\n<tr>\n<td width=\"19%\">Safari:<\/td>\n<td width=\"80%\"><a href=\"https:\/\/support.apple.com\/tr-tr\/HT201265\" target=\"_blank\" rel=\"noopener\">https:\/\/support.apple.com\/tr-tr\/HT201265<\/a><\/p>\n<p><a href=\"https:\/\/support.apple.com\/tr-tr\/guide\/safari\/sfri11471\/mac\" target=\"_blank\" rel=\"noopener\">https:\/\/support.apple.com\/tr-tr\/guide\/safari\/sfri11471\/mac<\/a><\/td>\n<\/tr>\n<\/tbody>\n<\/table>\n<p>Son g\u00fcncelleme tarihi: 26.03.2024<\/p>","protected":false},"excerpt":{"rendered":"<p>TOSB OTOMOT\u0130V YAN SANAY\u0130 \u0130HT\u0130SAS ORGAN\u0130ZE SANAY\u0130 B\u00d6LGES\u0130 4.CADDE NO:10 \u015eEKERPINAR \u00c7AYIROVA\/KOCAEL\u0130 adresinde faaliyet g\u00f6steren AK\u00c7EL\u0130K DEM\u0130R \u00c7EL\u0130K SANAY\u0130 VE T\u0130CARET ANON\u0130M \u015e\u0130RKET\u0130 (\u201c\u015eirket\u201d) olarak sahibi<span class=\"excerpt-hellip\"> [\u2026]<\/span><\/p>","protected":false},"author":3,"featured_media":0,"parent":0,"menu_order":0,"comment_status":"closed","ping_status":"closed","template":"","meta":{"footnotes":""},"class_list":["post-14320","page","type-page","status-publish","hentry"],"_links":{"self":[{"href":"https:\/\/akcelik.com.tr\/ar\/wp-json\/wp\/v2\/pages\/14320","targetHints":{"allow":["GET"]}}],"collection":[{"href":"https:\/\/akcelik.com.tr\/ar\/wp-json\/wp\/v2\/pages"}],"about":[{"href":"https:\/\/akcelik.com.tr\/ar\/wp-json\/wp\/v2\/types\/page"}],"author":[{"embeddable":true,"href":"https:\/\/akcelik.com.tr\/ar\/wp-json\/wp\/v2\/users\/3"}],"replies":[{"embeddable":true,"href":"https:\/\/akcelik.com.tr\/ar\/wp-json\/wp\/v2\/comments?post=14320"}],"version-history":[{"count":1,"href":"https:\/\/akcelik.com.tr\/ar\/wp-json\/wp\/v2\/pages\/14320\/revisions"}],"predecessor-version":[{"id":14321,"href":"https:\/\/akcelik.com.tr\/ar\/wp-json\/wp\/v2\/pages\/14320\/revisions\/14321"}],"wp:attachment":[{"href":"https:\/\/akcelik.com.tr\/ar\/wp-json\/wp\/v2\/media?parent=14320"}],"curies":[{"name":"wp","href":"https:\/\/api.w.org\/{rel}","templated":true}]}}