{"id":14322,"date":"2023-04-05T21:45:12","date_gmt":"2023-04-05T18:45:12","guid":{"rendered":"https:\/\/akcelik.com.tr\/?page_id=14322"},"modified":"2025-08-20T13:24:48","modified_gmt":"2025-08-20T10:24:48","slug":"%d8%ae%d8%af%d9%85%d8%a7%d8%aa-%d9%85%d8%ac%d8%aa%d9%85%d8%b9-%d8%a7%d9%84%d9%85%d8%b9%d9%84%d9%88%d9%85%d8%a7%d8%aa","status":"publish","type":"page","link":"https:\/\/akcelik.com.tr\/ar\/%d8%ae%d8%af%d9%85%d8%a7%d8%aa-%d9%85%d8%ac%d8%aa%d9%85%d8%b9-%d8%a7%d9%84%d9%85%d8%b9%d9%84%d9%88%d9%85%d8%a7%d8%aa\/","title":{"rendered":"\u062e\u062f\u0645\u0627\u062a \u0645\u062c\u062a\u0645\u0639 \u0627\u0644\u0645\u0639\u0644\u0648\u0645\u0627\u062a"},"content":{"rendered":"&#13;\n<p><strong>\u0645\u0639\u0644\u0648\u0645\u0627\u062a \u0639\u0646 \u0627\u0644\u0634\u0631\u0643\u0629<\/strong><\/p>&#13;\n&#13;\n<p>\u0631\u0642\u0645 \u062a\u0633\u062c\u064a\u0644 \u0627\u0644\u0634\u0631\u0643\u0629: 0019046938600017<\/p>&#13;\n&#13;\n<p>\u0631\u0642\u0645 \u0627\u0644\u0633\u062c\u0644 \u0627\u0644\u062a\u062c\u0627\u0631\u064a: 18129<\/p>&#13;\n&#13;\n<p>\u0645\u0643\u062a\u0628 \u0627\u0644\u0633\u062c\u0644 \u0627\u0644\u062a\u062c\u0627\u0631\u064a: \u0645\u062f\u064a\u0631\u064a\u0629 \u0627\u0644\u0633\u062c\u0644 \u0627\u0644\u062a\u062c\u0627\u0631\u064a \u0641\u064a \u062c\u0628\u0632\u064a<\/p>&#13;\n&#13;\n<p>\u0627\u0633\u0645 \u0627\u0644\u0634\u0631\u0643\u0629:AK\u00c7EL\u0130K DEM\u0130R \u00c7EL\u0130K SANAY\u0130 VE T\u0130CARET ANON\u0130M \u015e\u0130RKET\u0130<\/p>&#13;\n&#13;\n<p>\u062f\u0627\u0626\u0631\u0629 \u0627\u0644\u0636\u0631\u0627\u0626\u0628: \u0130lyasbey Vergi Dairesi: 019 046 9386<\/p>&#13;\n&#13;\n<p>\u0627\u0644\u0639\u0646\u0648\u0627\u0646: TOSB-TAYSAD ORGAN\u0130ZE SANAY\u0130 B\u00d6LGES\u0130 4. CADDE NO:10 \u00c7AYIROVA KOCAEL\u0130 <\/p>&#13;\n&#13;\n<p>\u0627\u0644\u062d\u062f \u0627\u0644\u0623\u0642\u0635\u0649 \u0644\u0631\u0623\u0633 \u0627\u0644\u0645\u0627\u0644 \u0627\u0644\u0645\u0633\u062c\u0644 : 3.500.000.000<\/p>&#13;\n&#13;\n<p>\u0645\u0628\u0644\u063a \u0631\u0623\u0633 \u0627\u0644\u0645\u0627\u0644 \u0627\u0644\u0645\u062f\u0641\u0648\u0639: 700.000.000<\/p>&#13;\n&#13;\n<p><strong>\u0631\u0626\u064a\u0633 \u0645\u062c\u0644\u0633 \u0627\u0644\u0625\u062f\u0627\u0631\u0629<\/strong><\/p>&#13;\n&#13;\n<p>\u0645\u062f\u0629 \u0627\u0644\u062e\u062f\u0645\u0629: 28.05.2021 \u2013 28.05.2024<\/p>&#13;\n&#13;\n<p>\u0627\u0644\u0627\u0633\u0645 \u0627\u0644\u0639\u0627\u0626\u0644\u0629: SAL\u0130H KILI\u00c7<\/p>&#13;\n&#13;\n<p><strong>\u0627\u0644\u0645\u0631\u0627\u0642\u0628<\/strong><\/p>&#13;\n&#13;\n<p>\u0633\u062c\u0644 \u0627\u0644\u062a\u062f\u0642\u064a\u0642 \u0627\u0644\u0645\u0633\u062a\u0642\u0644 \u0627\u0644\u0631\u0633\u0645\u064a: PWC \u0644\u0644\u062a\u062f\u0642\u064a\u0642 \u0627\u0644\u0645\u0633\u062a\u0642\u0644 \u0648\u0627\u0644\u0645\u062d\u0627\u0633\u0628\u0629 \u0627\u0644\u062d\u0631\u0629 \u0648\u0627\u0644\u0645\u0633\u062a\u0634\u0627\u0631 \u0627\u0644\u0645\u0627\u0644\u064a \u0627\u0644\u0645\u062d\u062f\u0648\u062f<\/p>&#13;\n&#13;\n<p>\u062a\u0627\u0631\u064a\u062e \u0628\u062f\u0621 \u0627\u0644\u0641\u062a\u0631\u0629: 01.01.2023<\/p>&#13;\n&#13;\n<p>\u062a\u0627\u0631\u064a\u062e \u0627\u0646\u062a\u0647\u0627\u0621 \u0627\u0644\u0641\u062a\u0631\u0629: 31.12.2023<\/p>&#13;\n&#13;\n<p>\u0627\u0644\u0639\u0646\u0648\u0627\u0646:S\u00fcleyman Seba Cad. BJK Plaza No:48 B Blok Kat 8 Akaretler Be\u015fikta\u015f \u0130stanbul T\u00dcRK\u0130YE <\/p>&#13;\n\r\n<div class=\"wp-block-spacer\" style=\"height: 0px;\" aria-hidden=\"true\">\u00a0<\/div>\r\n","protected":false},"excerpt":{"rendered":"<p>&#13; \u0645\u0639\u0644\u0648\u0645\u0627\u062a \u0639\u0646 \u0627\u0644\u0634\u0631\u0643\u0629 &#13; &#13; \u0631\u0642\u0645 \u062a\u0633\u062c\u064a\u0644 \u0627\u0644\u0634\u0631\u0643\u0629: 0019046938600017 &#13; &#13; \u0631\u0642\u0645 \u0627\u0644\u0633\u062c\u0644 \u0627\u0644\u062a\u062c\u0627\u0631\u064a: 18129 &#13; &#13; \u0645\u0643\u062a\u0628 \u0627\u0644\u0633\u062c\u0644 \u0627\u0644\u062a\u062c\u0627\u0631\u064a: \u0645\u062f\u064a\u0631\u064a\u0629 \u0627\u0644\u0633\u062c\u0644 \u0627\u0644\u062a\u062c\u0627\u0631\u064a \u0641\u064a \u062c\u0628\u0632\u064a<span class=\"excerpt-hellip\"> [\u2026]<\/span><\/p>","protected":false},"author":21,"featured_media":0,"parent":0,"menu_order":0,"comment_status":"closed","ping_status":"closed","template":"","meta":{"footnotes":""},"class_list":["post-14322","page","type-page","status-publish","hentry"],"_links":{"self":[{"href":"https:\/\/akcelik.com.tr\/ar\/wp-json\/wp\/v2\/pages\/14322","targetHints":{"allow":["GET"]}}],"collection":[{"href":"https:\/\/akcelik.com.tr\/ar\/wp-json\/wp\/v2\/pages"}],"about":[{"href":"https:\/\/akcelik.com.tr\/ar\/wp-json\/wp\/v2\/types\/page"}],"author":[{"embeddable":true,"href":"https:\/\/akcelik.com.tr\/ar\/wp-json\/wp\/v2\/users\/21"}],"replies":[{"embeddable":true,"href":"https:\/\/akcelik.com.tr\/ar\/wp-json\/wp\/v2\/comments?post=14322"}],"version-history":[{"count":1,"href":"https:\/\/akcelik.com.tr\/ar\/wp-json\/wp\/v2\/pages\/14322\/revisions"}],"predecessor-version":[{"id":14323,"href":"https:\/\/akcelik.com.tr\/ar\/wp-json\/wp\/v2\/pages\/14322\/revisions\/14323"}],"wp:attachment":[{"href":"https:\/\/akcelik.com.tr\/ar\/wp-json\/wp\/v2\/media?parent=14322"}],"curies":[{"name":"wp","href":"https:\/\/api.w.org\/{rel}","templated":true}]}}