{"id":14324,"date":"2023-03-11T23:34:15","date_gmt":"2023-03-11T20:34:15","guid":{"rendered":"https:\/\/akcelik.com.tr\/?page_id=14324"},"modified":"2025-08-20T13:23:38","modified_gmt":"2025-08-20T10:23:38","slug":"salih-kilic","status":"publish","type":"page","link":"https:\/\/akcelik.com.tr\/ar\/%d8%a7%d9%84%d8%ad%d9%88%d9%83%d9%85%d8%a9\/salih-kilic\/","title":{"rendered":"Salih K\u0131l\u0131\u00e7"},"content":{"rendered":"","protected":false},"excerpt":{"rendered":"","protected":false},"author":21,"featured_media":0,"parent":14301,"menu_order":0,"comment_status":"closed","ping_status":"closed","template":"","meta":{"footnotes":""},"class_list":["post-14324","page","type-page","status-publish","hentry"],"_links":{"self":[{"href":"https:\/\/akcelik.com.tr\/ar\/wp-json\/wp\/v2\/pages\/14324","targetHints":{"allow":["GET"]}}],"collection":[{"href":"https:\/\/akcelik.com.tr\/ar\/wp-json\/wp\/v2\/pages"}],"about":[{"href":"https:\/\/akcelik.com.tr\/ar\/wp-json\/wp\/v2\/types\/page"}],"author":[{"embeddable":true,"href":"https:\/\/akcelik.com.tr\/ar\/wp-json\/wp\/v2\/users\/21"}],"replies":[{"embeddable":true,"href":"https:\/\/akcelik.com.tr\/ar\/wp-json\/wp\/v2\/comments?post=14324"}],"version-history":[{"count":1,"href":"https:\/\/akcelik.com.tr\/ar\/wp-json\/wp\/v2\/pages\/14324\/revisions"}],"predecessor-version":[{"id":14429,"href":"https:\/\/akcelik.com.tr\/ar\/wp-json\/wp\/v2\/pages\/14324\/revisions\/14429"}],"up":[{"embeddable":true,"href":"https:\/\/akcelik.com.tr\/ar\/wp-json\/wp\/v2\/pages\/14301"}],"wp:attachment":[{"href":"https:\/\/akcelik.com.tr\/ar\/wp-json\/wp\/v2\/media?parent=14324"}],"curies":[{"name":"wp","href":"https:\/\/api.w.org\/{rel}","templated":true}]}}