{"id":11321,"date":"2023-03-19T21:25:15","date_gmt":"2023-03-19T18:25:15","guid":{"rendered":"https:\/\/akcelik.com.tr\/yonetim\/yavuz-kilic\/"},"modified":"2024-06-10T17:53:13","modified_gmt":"2024-06-10T14:53:13","slug":"yavuz-kilic","status":"publish","type":"page","link":"https:\/\/akcelik.com.tr\/en\/management\/yavuz-kilic\/","title":{"rendered":"Yavuz K\u0131l\u0131\u00e7"},"content":{"rendered":"","protected":false},"excerpt":{"rendered":"","protected":false},"author":3,"featured_media":0,"parent":11315,"menu_order":0,"comment_status":"closed","ping_status":"closed","template":"","meta":{"footnotes":""},"class_list":["post-11321","page","type-page","status-publish","hentry"],"_links":{"self":[{"href":"https:\/\/akcelik.com.tr\/en\/wp-json\/wp\/v2\/pages\/11321","targetHints":{"allow":["GET"]}}],"collection":[{"href":"https:\/\/akcelik.com.tr\/en\/wp-json\/wp\/v2\/pages"}],"about":[{"href":"https:\/\/akcelik.com.tr\/en\/wp-json\/wp\/v2\/types\/page"}],"author":[{"embeddable":true,"href":"https:\/\/akcelik.com.tr\/en\/wp-json\/wp\/v2\/users\/3"}],"replies":[{"embeddable":true,"href":"https:\/\/akcelik.com.tr\/en\/wp-json\/wp\/v2\/comments?post=11321"}],"version-history":[{"count":1,"href":"https:\/\/akcelik.com.tr\/en\/wp-json\/wp\/v2\/pages\/11321\/revisions"}],"predecessor-version":[{"id":12625,"href":"https:\/\/akcelik.com.tr\/en\/wp-json\/wp\/v2\/pages\/11321\/revisions\/12625"}],"up":[{"embeddable":true,"href":"https:\/\/akcelik.com.tr\/en\/wp-json\/wp\/v2\/pages\/11315"}],"wp:attachment":[{"href":"https:\/\/akcelik.com.tr\/en\/wp-json\/wp\/v2\/media?parent=11321"}],"curies":[{"name":"wp","href":"https:\/\/api.w.org\/{rel}","templated":true}]}}