{"id":11402,"date":"2023-04-05T21:45:12","date_gmt":"2023-04-05T18:45:12","guid":{"rendered":"https:\/\/akcelik.com.tr\/bilgi-toplumu-hizmetleri\/"},"modified":"2024-01-15T13:24:52","modified_gmt":"2024-01-15T13:24:52","slug":"information-society-services","status":"publish","type":"page","link":"https:\/\/akcelik.com.tr\/en\/information-society-services\/","title":{"rendered":"Information Society Services"},"content":{"rendered":"<p><strong>Company Information<\/strong><\/p>\n\n\n\n<p>Mersis: 0019046938600017<\/p>\n\n\n\n<p>Trade registration number:<\/p>\n\n\n\n<p>Registry of Commerce: GEBZE REGISTRY OF COMMERCE<\/p>\n\n\n\n<p>Company Title:<\/p>\n\n\n\n<p>Address: TOSB-TAYSAD ORGANIZED INDUSTRIAL ZONE 4. CADDE NO:10 SEKERPINAR CAYIROVA\/KOCAELI<\/p>\n\n\n\n<p>Subscribed Capital:<\/p>\n\n\n\n<p>Paid-in Capital:<\/p>\n\n\n\n<p>Term of Office:<\/p>\n\n\n\n<p>Auditor<\/p>\n\n\n\n<p>Independent Audit Official Registry: AC Istanbul Uluslararas\u0131 Ba\u011f\u0131ms\u0131z Denetim ve SMMM A.S.<\/p>\n\n\n\n<p>Starting Date of Term: 01.01.2015<\/p>\n\n\n\n<p>Ending Date of Term: 31.12.2015<\/p>\n\n\n\n<p>Address: Mecidiyek\u00f6y, Ortaklar Cad. No:263 Sisli Istanbul\/TURKIYE<\/p>\n\n\n\n<p>Branch of Registry<\/p>\n\n\n\n<div style=\"height:0px\" aria-hidden=\"true\" class=\"wp-block-spacer\"><\/div>","protected":false},"excerpt":{"rendered":"<p>Company Information Mersis: 0019046938600017 Trade registration number: Registry of Commerce: GEBZE REGISTRY OF COMMERCE Company Title: Address: TOSB-TAYSAD ORGANIZED INDUSTRIAL ZONE 4. CADDE NO:10 SEKERPINAR CAYIROVA\/KOCAELI<span class=\"excerpt-hellip\"> [\u2026]<\/span><\/p>","protected":false},"author":3,"featured_media":0,"parent":0,"menu_order":0,"comment_status":"closed","ping_status":"closed","template":"","meta":{"footnotes":""},"class_list":["post-11402","page","type-page","status-publish","hentry"],"_links":{"self":[{"href":"https:\/\/akcelik.com.tr\/en\/wp-json\/wp\/v2\/pages\/11402","targetHints":{"allow":["GET"]}}],"collection":[{"href":"https:\/\/akcelik.com.tr\/en\/wp-json\/wp\/v2\/pages"}],"about":[{"href":"https:\/\/akcelik.com.tr\/en\/wp-json\/wp\/v2\/types\/page"}],"author":[{"embeddable":true,"href":"https:\/\/akcelik.com.tr\/en\/wp-json\/wp\/v2\/users\/3"}],"replies":[{"embeddable":true,"href":"https:\/\/akcelik.com.tr\/en\/wp-json\/wp\/v2\/comments?post=11402"}],"version-history":[{"count":0,"href":"https:\/\/akcelik.com.tr\/en\/wp-json\/wp\/v2\/pages\/11402\/revisions"}],"wp:attachment":[{"href":"https:\/\/akcelik.com.tr\/en\/wp-json\/wp\/v2\/media?parent=11402"}],"curies":[{"name":"wp","href":"https:\/\/api.w.org\/{rel}","templated":true}]}}