{"id":14359,"date":"2023-04-05T21:38:24","date_gmt":"2023-04-05T18:38:24","guid":{"rendered":"https:\/\/akcelik.com.tr\/?page_id=14359"},"modified":"2025-08-20T13:21:24","modified_gmt":"2025-08-20T10:21:24","slug":"politica-del-sistema-de-gestion-de-seguridad-de-la-informacion","status":"publish","type":"page","link":"https:\/\/akcelik.com.tr\/es\/politica-del-sistema-de-gestion-de-seguridad-de-la-informacion\/","title":{"rendered":"Pol\u00edtica del sistema de gesti\u00f3n de seguridad de la informaci\u00f3n"},"content":{"rendered":"<p>Durante sus operaciones, Ak\u00e7elik puede tener acceso a informaci\u00f3n confidencial y de propiedad exclusiva de los clientes a los que presta servicios. Nuestro principal objetivo es garantizar la confianza de las instituciones y organizaciones a las que servimos y la seguridad de los recursos de informaci\u00f3n que utilizamos para nuestros servicios. <\/p>\n\n<p>En este contexto, nuestras relaciones con clientes, organismos gubernamentales y distribuidores son invaluables. La continuidad de los servicios que brindamos, la confidencialidad de la informaci\u00f3n que poseemos y la integridad de nuestros activos de informaci\u00f3n, tanto los de nuestros clientes como los nuestros, son de suma importancia. Para ello:  <\/p>\n\n<ul class=\"wp-block-list\">\n<li>Confidencialidad e integridad de toda la informaci\u00f3n corporativa y personal dentro del \u00e1mbito,<\/li>\n\n\n\n<li>Para mantener su accesibilidad y continuidad dentro de los l\u00edmites de la autoridad,<\/li>\n\n\n\n<li>Prestar nuestros servicios sin errores, en el menor tiempo posible y sin interrupciones, de conformidad con las normas legales, disposiciones legislativas y contratos,<\/li>\n\n\n\n<li>Asignar recursos, establecer, operar y mejorar continuamente nuestro sistema de gesti\u00f3n de seguridad de la informaci\u00f3n para cumplir con los requisitos de la norma TS ISO\/IEC 27001 ISMS,<\/li>\n\n\n\n<li>Para garantizar que los procesos de negocio se lleven a cabo de conformidad con las pol\u00edticas y procedimientos preparados y aprobados dentro del alcance del sistema de gesti\u00f3n de seguridad de la informaci\u00f3n,<\/li>\n\n\n\n<li>Cumplimiento de todas las normativas legales y acuerdos en materia de seguridad de la informaci\u00f3n,<\/li>\n\n\n\n<li>Identificar y gestionar sistem\u00e1ticamente los riesgos para los activos de informaci\u00f3n,<\/li>\n\n\n\n<li>Brindar capacitaci\u00f3n para desarrollar competencias t\u00e9cnicas y de comportamiento con el fin de aumentar la conciencia sobre la seguridad de la informaci\u00f3n,<\/li>\n\n\n\n<li>Se compromete a crear una estructura din\u00e1mica y aumentar la comunicaci\u00f3n con las autoridades para adaptarse a los avances y cambios que se producen en el \u00e1mbito de las tecnolog\u00edas de la informaci\u00f3n.<\/li>\n<\/ul>","protected":false},"excerpt":{"rendered":"<p>Durante sus operaciones, Ak\u00e7elik puede tener acceso a informaci\u00f3n confidencial y de propiedad exclusiva de los clientes a los que presta servicios. Nuestro principal objetivo es<span class=\"excerpt-hellip\"> [\u2026]<\/span><\/p>","protected":false},"author":21,"featured_media":0,"parent":0,"menu_order":0,"comment_status":"closed","ping_status":"closed","template":"","meta":{"footnotes":""},"class_list":["post-14359","page","type-page","status-publish","hentry"],"_links":{"self":[{"href":"https:\/\/akcelik.com.tr\/es\/wp-json\/wp\/v2\/pages\/14359","targetHints":{"allow":["GET"]}}],"collection":[{"href":"https:\/\/akcelik.com.tr\/es\/wp-json\/wp\/v2\/pages"}],"about":[{"href":"https:\/\/akcelik.com.tr\/es\/wp-json\/wp\/v2\/types\/page"}],"author":[{"embeddable":true,"href":"https:\/\/akcelik.com.tr\/es\/wp-json\/wp\/v2\/users\/21"}],"replies":[{"embeddable":true,"href":"https:\/\/akcelik.com.tr\/es\/wp-json\/wp\/v2\/comments?post=14359"}],"version-history":[{"count":1,"href":"https:\/\/akcelik.com.tr\/es\/wp-json\/wp\/v2\/pages\/14359\/revisions"}],"predecessor-version":[{"id":14360,"href":"https:\/\/akcelik.com.tr\/es\/wp-json\/wp\/v2\/pages\/14359\/revisions\/14360"}],"wp:attachment":[{"href":"https:\/\/akcelik.com.tr\/es\/wp-json\/wp\/v2\/media?parent=14359"}],"curies":[{"name":"wp","href":"https:\/\/api.w.org\/{rel}","templated":true}]}}