{"id":14375,"date":"2023-04-05T21:45:12","date_gmt":"2023-04-05T18:45:12","guid":{"rendered":"https:\/\/akcelik.com.tr\/?page_id=14375"},"modified":"2025-08-20T13:21:29","modified_gmt":"2025-08-20T10:21:29","slug":"servicios-de-la-sociedad-de-la-informacion","status":"publish","type":"page","link":"https:\/\/akcelik.com.tr\/es\/servicios-de-la-sociedad-de-la-informacion\/","title":{"rendered":"Servicios de la Sociedad de la Informaci\u00f3n"},"content":{"rendered":"&#13;\n<p><strong>Informaci\u00f3n de la empresa<\/strong><\/p>&#13;\n&#13;\n<p>Mersis: 0019046938600017<\/p>&#13;\n&#13;\n<p>N\u00famero de Registro Mercantil: 18129<\/p>&#13;\n&#13;\n<p>Oficina de Registro Mercantil: DIRECCI\u00d3N DE REGISTRO MERCANTIL DE GEBZE<\/p>&#13;\n&#13;\n<p>T\u00edtulo de la empresa: AK\u00c7EL\u0130K DEM\u0130R \u00c7EL\u0130K SANAY\u0130 VE T\u0130CARET ANON\u0130M \u015e\u0130RKET\u0130<\/p>&#13;\n&#13;\n<p>Oficina de Impuestos: \u0130lyasbey Oficina de Impuestos: 019 046 9386<\/p>&#13;\n&#13;\n<p>DIRECCI\u00d3N: TOSB-TAYSAD ORGAN\u0130ZE SANAY\u0130 B\u00d6LGES\u0130 4. CADDE NO:10 \u00c7AYIROVA KOCAEL\u0130 <\/p>&#13;\n&#13;\n<p>Monto m\u00e1ximo del capital registrado : 3.500.000.000<\/p>&#13;\n&#13;\n<p>\u00d6denmi\u015f Sermaye Miktar\u0131: 700.000.000<\/p>&#13;\n&#13;\n<p><strong>Presidente del Consejo de Administraci\u00f3n<\/strong><\/p>&#13;\n&#13;\n<p>G\u00f6rev S\u00fcresi: 28.05.2021 \u2013 28.05.2024<\/p>&#13;\n&#13;\n<p>\u0130sim Soyisim: SAL\u0130H KILI\u00c7<\/p>&#13;\n&#13;\n<p><strong>Denet\u00e7i<\/strong><\/p>&#13;\n&#13;\n<p>Ba\u011f\u0131ms\u0131z Denetim Resmi Sicili: PWC Ba\u011f\u0131ms\u0131z Denetim ve Serbest Muhasebeci Mali M\u00fc\u015favir A.\u015e.<\/p>&#13;\n&#13;\n<p>D\u00f6nem Ba\u015flang\u0131\u00e7 Tarihi:01.01.2023<\/p>&#13;\n&#13;\n<p>D\u00f6nem Biti\u015f Tarihi:31.12.2023<\/p>&#13;\n&#13;\n<p>Adres: S\u00fcleyman Seba Cad. BJK Plaza No:48 B Blok Kat 8 Akaretler Be\u015fikta\u015f \u0130stanbul T\u00dcRK\u0130YE <\/p>&#13;\n\r\n<div class=\"wp-block-spacer\" style=\"height: 0px;\" aria-hidden=\"true\">\u00a0<\/div>\r\n","protected":false},"excerpt":{"rendered":"<p>&#13; Informaci\u00f3n de la empresa &#13; &#13; Mersis: 0019046938600017 &#13; &#13; N\u00famero de Registro Mercantil: 18129 &#13; &#13; Oficina de Registro Mercantil: DIRECCI\u00d3N DE REGISTRO MERCANTIL<span class=\"excerpt-hellip\"> [\u2026]<\/span><\/p>","protected":false},"author":21,"featured_media":0,"parent":0,"menu_order":0,"comment_status":"closed","ping_status":"closed","template":"","meta":{"footnotes":""},"class_list":["post-14375","page","type-page","status-publish","hentry"],"_links":{"self":[{"href":"https:\/\/akcelik.com.tr\/es\/wp-json\/wp\/v2\/pages\/14375","targetHints":{"allow":["GET"]}}],"collection":[{"href":"https:\/\/akcelik.com.tr\/es\/wp-json\/wp\/v2\/pages"}],"about":[{"href":"https:\/\/akcelik.com.tr\/es\/wp-json\/wp\/v2\/types\/page"}],"author":[{"embeddable":true,"href":"https:\/\/akcelik.com.tr\/es\/wp-json\/wp\/v2\/users\/21"}],"replies":[{"embeddable":true,"href":"https:\/\/akcelik.com.tr\/es\/wp-json\/wp\/v2\/comments?post=14375"}],"version-history":[{"count":1,"href":"https:\/\/akcelik.com.tr\/es\/wp-json\/wp\/v2\/pages\/14375\/revisions"}],"predecessor-version":[{"id":14376,"href":"https:\/\/akcelik.com.tr\/es\/wp-json\/wp\/v2\/pages\/14375\/revisions\/14376"}],"wp:attachment":[{"href":"https:\/\/akcelik.com.tr\/es\/wp-json\/wp\/v2\/media?parent=14375"}],"curies":[{"name":"wp","href":"https:\/\/api.w.org\/{rel}","templated":true}]}}